{"id":541,"date":"2025-11-18T22:53:27","date_gmt":"2025-11-18T22:53:27","guid":{"rendered":"https:\/\/proba.wh.rs\/pizzeriabari\/?page_id=541"},"modified":"2025-11-18T22:59:52","modified_gmt":"2025-11-18T22:59:52","slug":"verwendung-cookies","status":"publish","type":"page","link":"https:\/\/proba.wh.rs\/pizzeriabari\/verwendung-cookies\/","title":{"rendered":"Verwendung Cookies"},"content":{"rendered":"\t\t<div data-elementor-type=\"wp-page\" data-elementor-id=\"541\" class=\"elementor elementor-541\" data-elementor-post-type=\"page\">\n\t\t\t\t<div class=\"elementor-element elementor-element-9d3e69d e-flex e-con-boxed e-con e-parent\" data-id=\"9d3e69d\" data-element_type=\"container\">\n\t\t\t\t\t<div class=\"e-con-inner\">\n\t\t\t\t<div class=\"elementor-element elementor-element-c7d9fb4 elementor-widget elementor-widget-shortcode\" data-id=\"c7d9fb4\" data-element_type=\"widget\" data-widget_type=\"shortcode.default\">\n\t\t\t\t\t\t\t<div class=\"elementor-shortcode\">\n    <script type=\"text\/javascript\">\n        var MyCookieAjax = {\n            ajaxurl: \"https:\/\/proba.wh.rs\/pizzeriabari\/wp-admin\/admin-ajax.php\",\n            nonce: \"452554acf5\"\n        };\n    <\/script>\n    \n    <div class=\"cookie-consent-container\">\n        <h2>Aktivieren\/Deaktivieren von Cookies und Cookies l\u00f6schen<\/h2>\n        \n        <div class=\"cookie-options-flex\">\n            <div class=\"cookie-option \" data-preference=\"personalized\">\n                <div class=\"cookie-radio-circle \"><\/div>\n                <strong>Personalisiertes Cookie-Paket<\/strong>\n                <p>\n                    Sowohl wir als auch Dritte mit denen wir kooperieren, zeigen Dir personalisierte Anzeigen, welche f\u00fcr Dich relevant sein k\u00f6nnten. Unsere Website funktioniert wie gewohnt. Wir verwenden funktionale Cookies, welche beispielsweise in Deinem Warenkorb hinterlegte Artikel speichern. Zudem verwenden wir analytische Cookies, um zu sehen, wie man die Website verbessern kann.\n                <\/p>\n            <\/div>\n\n            <div class=\"cookie-option \" data-preference=\"essential\">\n                <div class=\"cookie-radio-circle \"><\/div>\n                <strong>Essentielles Cookie-Paket<\/strong>\n                <p>\n                    Sowohl wir als auch Dritte mit denen wir kooperieren, zeigen Dir m\u00f6glicherweise unpersonalisierte Anzeigen. Diese richten sich allerdings nicht nach Deinen Interessen oder Produktpr\u00e4ferenzen. Unsere Website funktioniert wie gewohnt. Hierf\u00fcr nutzen wir funktionsbezogene Cookies, wie das Cookie, das zur Speicherung des Inhalts Deines Warenkorbs f\u00fcr ein bestimmtes Restaurants dient. Zudem verwenden wir analytische Cookies, um zu sehen, wie man die Website verbessern kann.\n                <\/p>\n            <\/div>\n        <\/div>\n        \n        <p class=\"current-preference-status\" style=\"margin-top: 15px; color: green; font-weight: bold; display: none;\">\n            Ihre aktuelle Auswahl: <span id=\"current-cookie-selection\"><\/span>.\n        <\/p>\n\n    <\/div>\n\n    <script type=\"text\/javascript\">\n    jQuery(document).ready(function($) {\n        if (typeof MyCookieAjax === 'undefined' || $('.cookie-consent-container').length === 0) {\n            return; \n        }\n\n        $('.cookie-option').on('click', function(e) {\n            e.preventDefault();\n\n            var $clickedOption = $(this);\n            var user_choice = $clickedOption.data('preference');\n            var choice_text = (user_choice === 'personalized') ? 'Personalisiert' : 'Essentiell';\n\n            var data = {\n                'action': 'save_cookie_preference',\n                'choice': user_choice,\n                'security': MyCookieAjax.nonce \n            };\n\n            \/\/ Disable clicks while processing\n            $('.cookie-option').css('pointer-events', 'none');\n\n            $.ajax({\n                url: MyCookieAjax.ajaxurl,\n                type: 'POST',\n                data: data,\n                dataType: 'json', \/\/ Expect JSON response\n                success: function(response) {\n                    if (response.success) {\n                        \n                        \/\/ 1. Update appearance\n                        $('.cookie-option').removeClass('selected');\n                        $('.cookie-radio-circle').removeClass('selected-dot');\n                        \n                        $clickedOption.addClass('selected');\n                        $clickedOption.find('.cookie-radio-circle').addClass('selected-dot');\n                        \n                        \/\/ 2. Update status message\n                        $('#current-cookie-selection').text(choice_text);\n                        $('.current-preference-status').fadeIn(300);\n\n                    } else {\n                        \/\/ Display error message from PHP if it's a JSON error\n                        console.error('Error saving preference (PHP JSON error):', response.data);\n                        alert('Fehler beim Speichern der Pr\u00e4ferenz. Grund: ' + response.data);\n                    }\n                },\n                error: function(jqXHR, textStatus, errorThrown) {\n                    \/\/ Check for common error codes (like 400 or 500)\n                    if (jqXHR.status !== 200) {\n                        console.error('AJAX HTTP Error (' + jqXHR.status + '):', textStatus, errorThrown);\n                        alert('AJAX HTTP Error: Status ' + jqXHR.status + '. Bitte Cache leeren und erneut versuchen.');\n                    } else if (jqXHR.responseText.trim() === '0') {\n                        \/\/ CRITICAL: This specifically catches the '0' response\n                        console.error('AJAX Error: Received non-JSON response \"0\". Likely output buffering or PHP crash.');\n                        alert('Fehler: Ung\u00fcltige Server-Antwort. Bitte Cache leeren und Code pr\u00fcfen.');\n                    } else {\n                         \/\/ Default failure log\n                         console.error('AJAX Error:', textStatus, errorThrown);\n                    }\n                }\n            }).always(function() {\n                 \/\/ Re-enable clicks after AJAX completion\n                $('.cookie-option').css('pointer-events', 'auto');\n            });\n        });\n    });\n    <\/script>\n\n    <\/div>\n\t\t\t\t\t\t<\/div>\n\t\t\t\t<div class=\"elementor-element elementor-element-1953ec1 elementor-widget elementor-widget-text-editor\" data-id=\"1953ec1\" data-element_type=\"widget\" data-widget_type=\"text-editor.default\">\n\t\t\t\t\t\t\t\t\t<p>Cookie-Erkl\u00e4rung<br \/>Takeaway.com nutzt auf ihren Websites und in ihren Anwendungen Cookies, Tracker, Skripte und Social-Media-Buttons (im Folgenden gemeinsam die \u201eTechnologien\u201c genannt), die uns dabei helfen, Benutzern ein besseres, schnelleres und sichereres Erlebnis zu bieten. Auch die von Takeaway.com eingesetzten Dritten nutzen diese Technologien. Nat\u00fcrlich nehmen wir den Schutz Ihrer Daten im Zusammenhang mit diesen Technologien sehr ernst. F\u00fcr weitere Informationen dar\u00fcber, wie wir mit Ihren Daten umgehen, m\u00f6chten wir Sie gerne auf unsere Datenschutzerkl\u00e4rung verweisen. Mit dieser Cookie-Erkl\u00e4rung m\u00f6chten wir Ihnen gerne erkl\u00e4ren, welche Technologien wir verwenden und warum wir sie verwenden. Wenn Sie noch weitere Fragen \u00fcber unsere Verwendung von Technologien oder \u00fcber den Schutz Ihrer Daten im Zusammenhang mit diesen Technologien haben, k\u00f6nnen Sie uns eine E-Mail schicken: privacy-concerns@takeaway.com.<\/p><p>Welche Technologien verwenden wir?<br \/>Wie bereits zuvor erw\u00e4hnt, verwenden wir verschiedene Technologien, um Daten zu sammeln. Unter anderem setzen wir Skripte, Tracker und Cookies ein. Im Folgenden erl\u00e4utern wir die Technologien, die wir verwenden.<\/p><p>1. Was ist ein Skript?<\/p><p>Ein Skript ist ein kurzer Programmcode, der die Funktionalit\u00e4t und Interaktivit\u00e4t unserer Website unterst\u00fctzt. Dieser Code kann auf unserem Server oder auf Ihrem Ger\u00e4t ausgef\u00fchrt wird.<\/p><p>2. Was ist ein Tracker?<\/p><p>Ein Tracker ist ein kurzes, unsichtbares Textfragment oder eine Abbildung auf unserer Website, der bzw. die dazu dient, den Verkehr auf unserer Website zu erfassen. Um den Verkehr zu erfassen, setzen wir mehrere Tracker ein, die jeweils verschiedene Informationen \u00fcber Sie speichern. Wir k\u00f6nnen auch Dritten gestatten, dass sie Tracker auf unserer Website setzen, damit sie f\u00fcr uns den Verkehr auf unserer Website \u00fcberwachen.<\/p><p>3. Was sind Cookies?<\/p><p>Ein Cookie ist eine simple, kleine Textdatei, die mit den Seiten unserer Website mitgeschickt und von Ihrem Webbrowser auf der Festplatte Ihres Computers abgelegt wird. Manche Cookies dienen lediglich dazu, beim Besuch einer Website eine Verbindung zwischen Ihren Aktivit\u00e4ten auf unserer Website herzustellen. Andere Cookies werden dauerhaft auf der Festplatte Ihres Computers gespeichert und werden an unsere Server oder die Server der Dritten zur\u00fcckgesendet, die die Cookies f\u00fcr uns gesetzt haben, sobald Sie unsere Website erneut besuchen.<\/p><p>4. Was sind Social-Media-Buttons?<\/p><p>Au\u00dfer Cookies nutzen unsere Websites auch Social-Media-Buttons. Diese Buttons dienen dazu, Webseiten auf sozialen Netzwerken wie Facebook, Twitter, Google+ und YouTube bewerben (\u201eliken\u201c) oder teilen (\u201etweeten\u201c) zu k\u00f6nnen. Diese Buttons funktionieren mithilfe von Codefragmenten, die von Facebook, Twitter, Google+ und YouTube stammen.<\/p><p>Warum verwenden wir diese Technologien?<br \/>Wir setzen Cookies, Tracker und Skripte zu verschiedenen Zwecken ein, und zwar zu Funktions-, Analyse- und Marketingzwecken. Im Folgenden pr\u00e4sentieren wir eine \u00dcbersicht der verschiedenen Zwecke f\u00fcr die Verwendung der Technologien. F\u00fcr eine spezifische \u00dcbersicht aller von uns verwendeten Technologien, die entsprechenden Zwecke und spezifischen Funktionen der Technologien m\u00f6chten wir Sie auf unsere Liste der Technologien verweisen. Wir passen diese Liste regelm\u00e4\u00dfig an, um Ihnen eine m\u00f6glichst genaue \u00dcbersicht \u00fcber die von uns verwendeten Technologien zu bieten.<\/p><p>1. Funktionszwecke<\/p><p>Wir verwenden verschiedene Technologien, um daf\u00fcr zu sorgen, dass unsere Website optimal funktioniert und einfach zu verwenden ist. Zu diesem Zweck setzen wir Skripte und Cookies ein. Skripte sorgen daf\u00fcr, dass die Website interaktiv ist und dass tats\u00e4chlich etwas passiert, wenn Sie auf eine Schaltfl\u00e4che klicken. Cookies dienen dazu, Funktionen wie den Einkaufskorb zu erm\u00f6glichen. Ohne Cookies k\u00f6nnten die von Ihnen ausgew\u00e4hlten Produkte nicht im Einkaufskorb gespeichert werden. Auch die Speicherung Ihrer Adresse ist eine Funktion, die ohne Cookies nicht funktionieren w\u00fcrde. Manche Technologien, die zu Funktionszwecken eingesetzt werden, sind f\u00fcr die Funktionalit\u00e4t unserer Website so wichtig, dass sie nicht ausgeschaltet werden k\u00f6nnen. Diese Technologien werden nach Ihrem Besuch auf unserer Website nur f\u00fcr ein paar Stunden gespeichert.<\/p><p>2. Analysezwecke<\/p><p>Wir analysieren anhand von Cookies und Trackern Ihr Verhalten auf unserer Website, um unsere Website verbessern und an Ihre W\u00fcnsche anpassen zu k\u00f6nnen. Wir hoffen, unsere Website auf diese Weise m\u00f6glichst benutzerfreundlich gestalten zu k\u00f6nnen. Zum Beispiel erfassen wir, welche Seiten am h\u00e4ufigsten besucht werden und wie Sie auf unserer Website navigieren.<\/p><p>3. Marketingzwecke<\/p><p>Wir hoffen nat\u00fcrlich, dass Sie unsere Website m\u00f6glichst h\u00e4ufig nutzen, und verwenden aus diesem Grund Cookies und Tracker zu Werbezwecken. Mithilfe von Cookies k\u00f6nnen wir Ihnen interessante Angebote und\/oder Rabatte anbieten. Zu diesem Zweck analysieren wir unter anderem, wie oft Sie unsere Website nutzen und welche Produkte Sie interessieren. So k\u00f6nnen wir unser Angebot und unsere Anzeigen besser auf Ihre W\u00fcnsche abstimmen. Ein weiterer Marketingzweck, f\u00fcr den wir Tracker verwenden, ist es zu pr\u00fcfen, ob Sie von einer Website unserer Werbepartner auf unsere Seite kommen. Das ist notwendig, da wir unsere Werbepartner f\u00fcr die Kunden bezahlen m\u00fcssen, die \u00fcber ihre Plattform unsere Website besuchen (oder eine Bestellung auf unserer Plattform aufgeben).<\/p><p>Der Schutz Ihrer Daten durch uns und durch Dritte<br \/>1. Der Schutz Ihrer Daten durch Takeaway.com<\/p><p>Takeaway.com nimmt den Schutz Ihrer Daten ernst und ergreift geeignete Ma\u00dfnahmen, um Missbrauch, Verlust, unbefugten Zugriff, unerw\u00fcnschte Ver\u00f6ffentlichung und unerlaubte \u00c4nderung zu bek\u00e4mpfen. Wenn Sie den Verdacht haben, dass Ihre Daten nicht angemessen gesch\u00fctzt sind oder Sie Hinweise auf Missbrauch haben, dann k\u00f6nnen Sie uns eine E-Mail schicken: privacy-concerns@takeaway.com.<\/p><p>2. Technologien von Dritten<\/p><p>Wie bereits erw\u00e4hnt, setzen wir Technologien von Dritten ein. Diese Dritten helfen uns dabei, die beschriebenen Ziele zu erreichen. Wir gestatten es Dritten nicht, Ihre Daten zu eigenen Zwecken oder solchen Zwecken zu nutzen, die nicht mit unseren Zwecken \u00fcbereinstimmen, die wir in dieser Erkl\u00e4rung beschrieben haben. Mit Dritten, die in unserem Auftrag Technologien auf unserer Website platzieren, schlie\u00dfen wir Verarbeitungsvertr\u00e4ge, um ein einheitliches Datenschutz- und Geheimhaltungsniveau f\u00fcr Ihre Daten zu gew\u00e4hrleisten. Wir sind auch weiterhin f\u00fcr die Verarbeitung Ihrer pers\u00f6nlichen Daten im Auftrag von Takeaway.com verantwortlich.<\/p><p>Welche Rechte haben Sie?<br \/>1. Aktivieren und Deaktivieren von Cookies und L\u00f6schen von Cookies<\/p><p>Sie k\u00f6nnen Ihre Pr\u00e4ferenzen f\u00fcr die Technologien (im Internet h\u00e4ufig nur als Cookies bezeichnet) jederzeit anpassen. Au\u00dferdem haben Sie die M\u00f6glichkeit, bereits gesetzte Cookies (nur Cookies speichern Daten auf Ihrem Ger\u00e4t) zu l\u00f6schen. Wenn Sie die Technologien deaktivieren, kann es sein, dass Teile unserer Website nicht mehr funktionieren. Technologien, die f\u00fcr die Funktionalit\u00e4t der Website notwendig sind (unter anderem diverse Skripte und Cookies) k\u00f6nnen nicht deaktiviert werden. Klicken Sie auf einen der folgenden Links, um herauszufinden, wie Sie die Einstellungen f\u00fcr jeden Browser anpassen und eventuell Cookies l\u00f6schen k\u00f6nnen:<\/p><p>Chrome<br \/>Firefox<br \/>Internet Explorer<br \/>Edge<br \/>Safari (iOS)<br \/>Safari (macOS)<br \/>2. Recht auf Einsichtnahme, Korrektur oder L\u00f6schung Ihrer Daten<\/p><p>Sie haben das Recht, die Einsichtnahme, Korrektur oder L\u00f6schung Ihrer Daten zu beantragen (weitere Informationen finden Sie in unserer Datenschutzerkl\u00e4rung. Um Missbrauch zu verhindern, k\u00f6nnen wir Sie bei einem solchen Antrag bitten, sich entsprechend zu identifizieren. Wenn Sie eine Einsichtnahme in pers\u00f6nliche Daten im Zusammenhang mit einem Cookie w\u00fcnschen, m\u00fcssen Sie eine Kopie des jeweiligen Cookies mitsenden. Sie finden die Cookies in den Einstellungen Ihres Browsers. Wenn Sie einen solchen Antrag stellen m\u00f6chten, k\u00f6nnen Sie uns eine E-Mail schicken: privacy-concerns@takeaway.com. Takeaway.com wird so schnell wie m\u00f6glich, aber sp\u00e4testens innerhalb von vier Wochen auf Ihren Antrag reagieren.<\/p><p>3. Tipps, Fragen und Beschwerden<\/p><p>F\u00fcr weitere Informationen \u00fcber unsere Datenschutzrichtlinien und die Verarbeitung Ihrer pers\u00f6nlichen Daten m\u00f6chten wir Sie gerne auf unsere Datenschutzerkl\u00e4rung verweisen. Wenn Sie Fragen oder Beschwerden im Zusammenhang mit unseren Cookie-Richtlinien haben, beantworten wir gerne alle Ihre Fragen. Nat\u00fcrlich freuen wir uns immer \u00fcber Ihre Tipps oder Vorschl\u00e4ge zur Verbesserung unserer Cookie-Richtlinien. Sie k\u00f6nnen unter folgender E-Mail-Adresse Kontakt mit uns aufnehmen: privacy-concerns@takeaway.com.<\/p><p>4. Die niederl\u00e4ndische Datenschutzbeh\u00f6rde Autoriteit persoonsgegevens<\/p><p>Aufgrund der Datenschutz-Grundverordnung (DSGVO) haben Sie zus\u00e4tzlich zur M\u00f6glichkeit, eine Beschwerde bei uns einzureichen, das Recht, bei der niederl\u00e4ndischen Datenschutzbeh\u00f6rde (Autoriteit persoonsgegevens) eine Beschwerde gegen die Verarbeitung Ihrer pers\u00f6nlichen Daten einzureichen. Sie k\u00f6nnen sich dazu an die niederl\u00e4ndische Datenschutzbeh\u00f6rde wenden.<\/p><p>Kontaktdaten<br \/>Anschrift Hauptsitz:<br \/>Piet Heinkade 61<br \/>NL-1019 GM Amsterdam<br \/>E-Mail: privacy-concerns@takeaway.com<br \/>Tel.: +31 (0)53 4805866<br \/>Fax: +31 (0)53 4805861<\/p><p>Kontaktdaten Datenschutzbeauftragter<br \/>Takeaway.com Datenschutzbeauftragter\/Datenschutzrat &#8211; Takeaway.com<br \/>z.Hd. Dani\u00ebl Bos &amp; Sophie Versteege<br \/>Piet Heinkade 61<br \/>NL-1019 GM Amsterdam\u2028<br \/>privacy-concerns@takeaway.com<\/p><p>This Cookie statement can be modified and was last modified on 08\/02\/2018.<\/p>\t\t\t\t\t\t\t\t<\/div>\n\t\t\t\t\t<\/div>\n\t\t\t\t<\/div>\n\t\t\t\t<\/div>\n\t\t","protected":false},"excerpt":{"rendered":"<p>Cookie-Erkl\u00e4rungTakeaway.com nutzt auf ihren Websites und in ihren Anwendungen Cookies, Tracker, Skripte und Social-Media-Buttons (im Folgenden gemeinsam die \u201eTechnologien\u201c genannt), die uns dabei helfen, Benutzern ein besseres, schnelleres und sichereres Erlebnis zu bieten. Auch die von Takeaway.com eingesetzten Dritten nutzen diese Technologien. Nat\u00fcrlich nehmen wir den Schutz Ihrer Daten im Zusammenhang mit diesen Technologien sehr [&hellip;]<\/p>\n","protected":false},"author":1,"featured_media":0,"parent":0,"menu_order":0,"comment_status":"closed","ping_status":"closed","template":"","meta":{"footnotes":""},"class_list":["post-541","page","type-page","status-publish","hentry"],"yoast_head":"<!-- This site is optimized with the Yoast SEO plugin v26.4 - https:\/\/yoast.com\/wordpress\/plugins\/seo\/ -->\n<title>Verwendung Cookies - Pizzeria Bari<\/title>\n<meta name=\"robots\" content=\"noindex, follow, max-snippet:-1, max-image-preview:large, max-video-preview:-1\" \/>\n<meta property=\"og:locale\" content=\"en_US\" \/>\n<meta property=\"og:type\" content=\"article\" \/>\n<meta property=\"og:title\" content=\"Verwendung Cookies - Pizzeria Bari\" \/>\n<meta property=\"og:description\" content=\"Cookie-Erkl\u00e4rungTakeaway.com nutzt auf ihren Websites und in ihren Anwendungen Cookies, Tracker, Skripte und Social-Media-Buttons (im Folgenden gemeinsam die \u201eTechnologien\u201c genannt), die uns dabei helfen, Benutzern ein besseres, schnelleres und sichereres Erlebnis zu bieten. Auch die von Takeaway.com eingesetzten Dritten nutzen diese Technologien. Nat\u00fcrlich nehmen wir den Schutz Ihrer Daten im Zusammenhang mit diesen Technologien sehr [&hellip;]\" \/>\n<meta property=\"og:url\" content=\"https:\/\/proba.wh.rs\/pizzeriabari\/verwendung-cookies\/\" \/>\n<meta property=\"og:site_name\" content=\"Pizzeria Bari\" \/>\n<meta property=\"article:modified_time\" content=\"2025-11-18T22:59:52+00:00\" \/>\n<meta name=\"twitter:card\" content=\"summary_large_image\" \/>\n<meta name=\"twitter:label1\" content=\"Est. reading time\" \/>\n\t<meta name=\"twitter:data1\" content=\"7 minutes\" \/>\n<script type=\"application\/ld+json\" class=\"yoast-schema-graph\">{\"@context\":\"https:\/\/schema.org\",\"@graph\":[{\"@type\":\"WebPage\",\"@id\":\"https:\/\/proba.wh.rs\/pizzeriabari\/verwendung-cookies\/\",\"url\":\"https:\/\/proba.wh.rs\/pizzeriabari\/verwendung-cookies\/\",\"name\":\"Verwendung Cookies - Pizzeria Bari\",\"isPartOf\":{\"@id\":\"https:\/\/proba.wh.rs\/pizzeriabari\/#website\"},\"datePublished\":\"2025-11-18T22:53:27+00:00\",\"dateModified\":\"2025-11-18T22:59:52+00:00\",\"breadcrumb\":{\"@id\":\"https:\/\/proba.wh.rs\/pizzeriabari\/verwendung-cookies\/#breadcrumb\"},\"inLanguage\":\"en-US\",\"potentialAction\":[{\"@type\":\"ReadAction\",\"target\":[\"https:\/\/proba.wh.rs\/pizzeriabari\/verwendung-cookies\/\"]}]},{\"@type\":\"BreadcrumbList\",\"@id\":\"https:\/\/proba.wh.rs\/pizzeriabari\/verwendung-cookies\/#breadcrumb\",\"itemListElement\":[{\"@type\":\"ListItem\",\"position\":1,\"name\":\"Home\",\"item\":\"https:\/\/proba.wh.rs\/pizzeriabari\/\"},{\"@type\":\"ListItem\",\"position\":2,\"name\":\"Verwendung Cookies\"}]},{\"@type\":\"WebSite\",\"@id\":\"https:\/\/proba.wh.rs\/pizzeriabari\/#website\",\"url\":\"https:\/\/proba.wh.rs\/pizzeriabari\/\",\"name\":\"Pizzeria Bari\",\"description\":\"\",\"publisher\":{\"@id\":\"https:\/\/proba.wh.rs\/pizzeriabari\/#organization\"},\"potentialAction\":[{\"@type\":\"SearchAction\",\"target\":{\"@type\":\"EntryPoint\",\"urlTemplate\":\"https:\/\/proba.wh.rs\/pizzeriabari\/?s={search_term_string}\"},\"query-input\":{\"@type\":\"PropertyValueSpecification\",\"valueRequired\":true,\"valueName\":\"search_term_string\"}}],\"inLanguage\":\"en-US\"},{\"@type\":\"Organization\",\"@id\":\"https:\/\/proba.wh.rs\/pizzeriabari\/#organization\",\"name\":\"Pizzeria Bari\",\"url\":\"https:\/\/proba.wh.rs\/pizzeriabari\/\",\"logo\":{\"@type\":\"ImageObject\",\"inLanguage\":\"en-US\",\"@id\":\"https:\/\/proba.wh.rs\/pizzeriabari\/#\/schema\/logo\/image\/\",\"url\":\"https:\/\/proba.wh.rs\/pizzeriabari\/wp-content\/uploads\/2025\/11\/logo_465x320-e1763153949281.png\",\"contentUrl\":\"https:\/\/proba.wh.rs\/pizzeriabari\/wp-content\/uploads\/2025\/11\/logo_465x320-e1763153949281.png\",\"width\":418,\"height\":94,\"caption\":\"Pizzeria Bari\"},\"image\":{\"@id\":\"https:\/\/proba.wh.rs\/pizzeriabari\/#\/schema\/logo\/image\/\"}}]}<\/script>\n<!-- \/ Yoast SEO plugin. -->","yoast_head_json":{"title":"Verwendung Cookies - Pizzeria Bari","robots":{"index":"noindex","follow":"follow","max-snippet":"max-snippet:-1","max-image-preview":"max-image-preview:large","max-video-preview":"max-video-preview:-1"},"og_locale":"en_US","og_type":"article","og_title":"Verwendung Cookies - Pizzeria Bari","og_description":"Cookie-Erkl\u00e4rungTakeaway.com nutzt auf ihren Websites und in ihren Anwendungen Cookies, Tracker, Skripte und Social-Media-Buttons (im Folgenden gemeinsam die \u201eTechnologien\u201c genannt), die uns dabei helfen, Benutzern ein besseres, schnelleres und sichereres Erlebnis zu bieten. Auch die von Takeaway.com eingesetzten Dritten nutzen diese Technologien. Nat\u00fcrlich nehmen wir den Schutz Ihrer Daten im Zusammenhang mit diesen Technologien sehr [&hellip;]","og_url":"https:\/\/proba.wh.rs\/pizzeriabari\/verwendung-cookies\/","og_site_name":"Pizzeria Bari","article_modified_time":"2025-11-18T22:59:52+00:00","twitter_card":"summary_large_image","twitter_misc":{"Est. reading time":"7 minutes"},"schema":{"@context":"https:\/\/schema.org","@graph":[{"@type":"WebPage","@id":"https:\/\/proba.wh.rs\/pizzeriabari\/verwendung-cookies\/","url":"https:\/\/proba.wh.rs\/pizzeriabari\/verwendung-cookies\/","name":"Verwendung Cookies - Pizzeria Bari","isPartOf":{"@id":"https:\/\/proba.wh.rs\/pizzeriabari\/#website"},"datePublished":"2025-11-18T22:53:27+00:00","dateModified":"2025-11-18T22:59:52+00:00","breadcrumb":{"@id":"https:\/\/proba.wh.rs\/pizzeriabari\/verwendung-cookies\/#breadcrumb"},"inLanguage":"en-US","potentialAction":[{"@type":"ReadAction","target":["https:\/\/proba.wh.rs\/pizzeriabari\/verwendung-cookies\/"]}]},{"@type":"BreadcrumbList","@id":"https:\/\/proba.wh.rs\/pizzeriabari\/verwendung-cookies\/#breadcrumb","itemListElement":[{"@type":"ListItem","position":1,"name":"Home","item":"https:\/\/proba.wh.rs\/pizzeriabari\/"},{"@type":"ListItem","position":2,"name":"Verwendung Cookies"}]},{"@type":"WebSite","@id":"https:\/\/proba.wh.rs\/pizzeriabari\/#website","url":"https:\/\/proba.wh.rs\/pizzeriabari\/","name":"Pizzeria Bari","description":"","publisher":{"@id":"https:\/\/proba.wh.rs\/pizzeriabari\/#organization"},"potentialAction":[{"@type":"SearchAction","target":{"@type":"EntryPoint","urlTemplate":"https:\/\/proba.wh.rs\/pizzeriabari\/?s={search_term_string}"},"query-input":{"@type":"PropertyValueSpecification","valueRequired":true,"valueName":"search_term_string"}}],"inLanguage":"en-US"},{"@type":"Organization","@id":"https:\/\/proba.wh.rs\/pizzeriabari\/#organization","name":"Pizzeria Bari","url":"https:\/\/proba.wh.rs\/pizzeriabari\/","logo":{"@type":"ImageObject","inLanguage":"en-US","@id":"https:\/\/proba.wh.rs\/pizzeriabari\/#\/schema\/logo\/image\/","url":"https:\/\/proba.wh.rs\/pizzeriabari\/wp-content\/uploads\/2025\/11\/logo_465x320-e1763153949281.png","contentUrl":"https:\/\/proba.wh.rs\/pizzeriabari\/wp-content\/uploads\/2025\/11\/logo_465x320-e1763153949281.png","width":418,"height":94,"caption":"Pizzeria Bari"},"image":{"@id":"https:\/\/proba.wh.rs\/pizzeriabari\/#\/schema\/logo\/image\/"}}]}},"_links":{"self":[{"href":"https:\/\/proba.wh.rs\/pizzeriabari\/wp-json\/wp\/v2\/pages\/541","targetHints":{"allow":["GET"]}}],"collection":[{"href":"https:\/\/proba.wh.rs\/pizzeriabari\/wp-json\/wp\/v2\/pages"}],"about":[{"href":"https:\/\/proba.wh.rs\/pizzeriabari\/wp-json\/wp\/v2\/types\/page"}],"author":[{"embeddable":true,"href":"https:\/\/proba.wh.rs\/pizzeriabari\/wp-json\/wp\/v2\/users\/1"}],"replies":[{"embeddable":true,"href":"https:\/\/proba.wh.rs\/pizzeriabari\/wp-json\/wp\/v2\/comments?post=541"}],"version-history":[{"count":8,"href":"https:\/\/proba.wh.rs\/pizzeriabari\/wp-json\/wp\/v2\/pages\/541\/revisions"}],"predecessor-version":[{"id":553,"href":"https:\/\/proba.wh.rs\/pizzeriabari\/wp-json\/wp\/v2\/pages\/541\/revisions\/553"}],"wp:attachment":[{"href":"https:\/\/proba.wh.rs\/pizzeriabari\/wp-json\/wp\/v2\/media?parent=541"}],"curies":[{"name":"wp","href":"https:\/\/api.w.org\/{rel}","templated":true}]}}